{"id":245,"date":"2017-04-06T14:01:56","date_gmt":"2017-04-06T14:01:56","guid":{"rendered":"http:\/\/physiotherapie-starkloff.de\/?page_id=245"},"modified":"2021-05-27T16:58:29","modified_gmt":"2021-05-27T16:58:29","slug":"physiotherapie","status":"publish","type":"page","link":"http:\/\/physiotherapie-starkloff.de\/?page_id=245","title":{"rendered":"Physiotherapie"},"content":{"rendered":"\n<div class=\"wp-block-columns\">\n<div class=\"wp-block-column\" style=\"flex-basis:100%\">\n<div class=\"wp-block-columns\">\n<div class=\"wp-block-column\" style=\"flex-basis:100%\"><ul class=\"wp-block-latest-posts__list is-grid columns-3 wp-block-latest-posts\"><li><div class=\"wp-block-latest-posts__featured-image aligncenter\"><a href=\"http:\/\/physiotherapie-starkloff.de\/?p=967\"><img width=\"300\" height=\"150\" src=\"http:\/\/physiotherapie-starkloff.de\/wp-content\/uploads\/2017\/04\/workout-1931107_1280-e1637156920249-300x150.jpg\" class=\"attachment-medium size-medium wp-post-image\" alt=\"\" loading=\"lazy\" style=\"\" srcset=\"http:\/\/physiotherapie-starkloff.de\/wp-content\/uploads\/2017\/04\/workout-1931107_1280-e1637156920249-300x150.jpg 300w, http:\/\/physiotherapie-starkloff.de\/wp-content\/uploads\/2017\/04\/workout-1931107_1280-e1637156920249-768x385.jpg 768w, http:\/\/physiotherapie-starkloff.de\/wp-content\/uploads\/2017\/04\/workout-1931107_1280-e1637156920249-1024x513.jpg 1024w, http:\/\/physiotherapie-starkloff.de\/wp-content\/uploads\/2017\/04\/workout-1931107_1280-e1637156920249-120x60.jpg 120w, http:\/\/physiotherapie-starkloff.de\/wp-content\/uploads\/2017\/04\/workout-1931107_1280-e1637156920249.jpg 1200w\" sizes=\"(max-width: 300px) 100vw, 300px\" \/><\/a><\/div><a href=\"http:\/\/physiotherapie-starkloff.de\/?p=967\">Alternative Behandlungsmethoden<\/a><div class=\"wp-block-latest-posts__post-excerpt\"><\/div><\/li>\n<li><div class=\"wp-block-latest-posts__featured-image aligncenter\"><a href=\"http:\/\/physiotherapie-starkloff.de\/?p=934\"><img width=\"300\" height=\"149\" src=\"http:\/\/physiotherapie-starkloff.de\/wp-content\/uploads\/2021\/05\/woman-having-abdomen-massage-by-professional-osteopathy-therapist-scaled-e1637156251149-300x149.jpg\" class=\"attachment-medium size-medium wp-post-image\" alt=\"\" loading=\"lazy\" style=\"\" srcset=\"http:\/\/physiotherapie-starkloff.de\/wp-content\/uploads\/2021\/05\/woman-having-abdomen-massage-by-professional-osteopathy-therapist-scaled-e1637156251149-300x149.jpg 300w, http:\/\/physiotherapie-starkloff.de\/wp-content\/uploads\/2021\/05\/woman-having-abdomen-massage-by-professional-osteopathy-therapist-scaled-e1637156251149-1024x510.jpg 1024w, http:\/\/physiotherapie-starkloff.de\/wp-content\/uploads\/2021\/05\/woman-having-abdomen-massage-by-professional-osteopathy-therapist-scaled-e1637156251149-768x383.jpg 768w, http:\/\/physiotherapie-starkloff.de\/wp-content\/uploads\/2021\/05\/woman-having-abdomen-massage-by-professional-osteopathy-therapist-scaled-e1637156251149-1536x765.jpg 1536w, http:\/\/physiotherapie-starkloff.de\/wp-content\/uploads\/2021\/05\/woman-having-abdomen-massage-by-professional-osteopathy-therapist-scaled-e1637156251149-120x60.jpg 120w, http:\/\/physiotherapie-starkloff.de\/wp-content\/uploads\/2021\/05\/woman-having-abdomen-massage-by-professional-osteopathy-therapist-scaled-e1637156251149.jpg 2003w\" sizes=\"(max-width: 300px) 100vw, 300px\" \/><\/a><\/div><a href=\"http:\/\/physiotherapie-starkloff.de\/?p=934\">Klassische Physiotherapie<\/a><div class=\"wp-block-latest-posts__post-excerpt\"><\/div><\/li>\n<li><div class=\"wp-block-latest-posts__featured-image aligncenter\"><a href=\"http:\/\/physiotherapie-starkloff.de\/?p=984\"><img width=\"300\" height=\"150\" src=\"http:\/\/physiotherapie-starkloff.de\/wp-content\/uploads\/2021\/05\/AdobeStock_282304099-300x150.jpg\" class=\"attachment-medium size-medium wp-post-image\" alt=\"\" loading=\"lazy\" style=\"\" srcset=\"http:\/\/physiotherapie-starkloff.de\/wp-content\/uploads\/2021\/05\/AdobeStock_282304099-300x150.jpg 300w, http:\/\/physiotherapie-starkloff.de\/wp-content\/uploads\/2021\/05\/AdobeStock_282304099-1024x512.jpg 1024w, http:\/\/physiotherapie-starkloff.de\/wp-content\/uploads\/2021\/05\/AdobeStock_282304099-768x384.jpg 768w, http:\/\/physiotherapie-starkloff.de\/wp-content\/uploads\/2021\/05\/AdobeStock_282304099-1536x768.jpg 1536w, http:\/\/physiotherapie-starkloff.de\/wp-content\/uploads\/2021\/05\/AdobeStock_282304099-120x60.jpg 120w, http:\/\/physiotherapie-starkloff.de\/wp-content\/uploads\/2021\/05\/AdobeStock_282304099.jpg 2000w\" sizes=\"(max-width: 300px) 100vw, 300px\" \/><\/a><\/div><a href=\"http:\/\/physiotherapie-starkloff.de\/?p=984\">Preise<\/a><div class=\"wp-block-latest-posts__post-excerpt\">Preisliste f\u00fcr Heilpraktikerleistungen in der Physiotherapie Behandlungen Zeit Preis \u20ac Manuelle Therapie 20 Min. 32,00 Massage 20 Min. 20,00 Fango 20 Min. 14,00 Krankengymnastik (Hausprogramm, Muskelkr\u00e4ftigung und Dehnung) 20 Min. &hellip; <\/div><\/li>\n<li><div class=\"wp-block-latest-posts__featured-image aligncenter\"><a href=\"http:\/\/physiotherapie-starkloff.de\/?p=1171\"><img width=\"300\" height=\"174\" src=\"http:\/\/physiotherapie-starkloff.de\/wp-content\/uploads\/2026\/04\/markus-winkler-afW1hht0NSs-unsplash-300x174.jpg\" class=\"attachment-medium size-medium wp-post-image\" alt=\"\" loading=\"lazy\" style=\"\" srcset=\"http:\/\/physiotherapie-starkloff.de\/wp-content\/uploads\/2026\/04\/markus-winkler-afW1hht0NSs-unsplash-300x174.jpg 300w, http:\/\/physiotherapie-starkloff.de\/wp-content\/uploads\/2026\/04\/markus-winkler-afW1hht0NSs-unsplash-1024x594.jpg 1024w, http:\/\/physiotherapie-starkloff.de\/wp-content\/uploads\/2026\/04\/markus-winkler-afW1hht0NSs-unsplash-768x446.jpg 768w, http:\/\/physiotherapie-starkloff.de\/wp-content\/uploads\/2026\/04\/markus-winkler-afW1hht0NSs-unsplash-103x60.jpg 103w, http:\/\/physiotherapie-starkloff.de\/wp-content\/uploads\/2026\/04\/markus-winkler-afW1hht0NSs-unsplash.jpg 1394w\" sizes=\"(max-width: 300px) 100vw, 300px\" \/><\/a><\/div><a href=\"http:\/\/physiotherapie-starkloff.de\/?p=1171\">Wir suchen!<\/a><div class=\"wp-block-latest-posts__post-excerpt\">Physiotherapeut:in (m\/w\/d) Eine langj\u00e4hrige Mitarbeiterin geht in ihren wohlverdienten Ruhestand. Diese L\u00fccke wollen wir schlie\u00dfen und freuen uns auf einen\/eine Kollegen\/Kollegin. Gerne auch Berufsanf\u00e4nger. Wir bieten: eine moderne Praxiseinrichtung einen &hellip; <\/div><\/li>\n<\/ul><\/div>\n<\/div>\n<\/div>\n<\/div>\n","protected":false},"excerpt":{"rendered":"","protected":false},"author":3,"featured_media":933,"parent":136,"menu_order":0,"comment_status":"closed","ping_status":"closed","template":"","meta":[],"_links":{"self":[{"href":"http:\/\/physiotherapie-starkloff.de\/index.php?rest_route=\/wp\/v2\/pages\/245"}],"collection":[{"href":"http:\/\/physiotherapie-starkloff.de\/index.php?rest_route=\/wp\/v2\/pages"}],"about":[{"href":"http:\/\/physiotherapie-starkloff.de\/index.php?rest_route=\/wp\/v2\/types\/page"}],"author":[{"embeddable":true,"href":"http:\/\/physiotherapie-starkloff.de\/index.php?rest_route=\/wp\/v2\/users\/3"}],"replies":[{"embeddable":true,"href":"http:\/\/physiotherapie-starkloff.de\/index.php?rest_route=%2Fwp%2Fv2%2Fcomments&post=245"}],"version-history":[{"count":9,"href":"http:\/\/physiotherapie-starkloff.de\/index.php?rest_route=\/wp\/v2\/pages\/245\/revisions"}],"predecessor-version":[{"id":930,"href":"http:\/\/physiotherapie-starkloff.de\/index.php?rest_route=\/wp\/v2\/pages\/245\/revisions\/930"}],"up":[{"embeddable":true,"href":"http:\/\/physiotherapie-starkloff.de\/index.php?rest_route=\/wp\/v2\/pages\/136"}],"wp:featuredmedia":[{"embeddable":true,"href":"http:\/\/physiotherapie-starkloff.de\/index.php?rest_route=\/wp\/v2\/media\/933"}],"wp:attachment":[{"href":"http:\/\/physiotherapie-starkloff.de\/index.php?rest_route=%2Fwp%2Fv2%2Fmedia&parent=245"}],"curies":[{"name":"wp","href":"https:\/\/api.w.org\/{rel}","templated":true}]}}