{"id":360,"date":"2017-05-19T11:07:22","date_gmt":"2017-05-19T11:07:22","guid":{"rendered":"http:\/\/physiotherapie-starkloff.de\/?page_id=360"},"modified":"2023-03-02T12:59:54","modified_gmt":"2023-03-02T12:59:54","slug":"preise","status":"publish","type":"page","link":"http:\/\/physiotherapie-starkloff.de\/?page_id=360","title":{"rendered":"Kurse Medifit + Preise"},"content":{"rendered":"<ul class=\"wp-block-latest-posts__list wp-block-latest-posts\"><li><div class=\"wp-block-latest-posts__featured-image alignleft\"><a href=\"http:\/\/physiotherapie-starkloff.de\/?p=988\"><img width=\"300\" height=\"150\" src=\"http:\/\/physiotherapie-starkloff.de\/wp-content\/uploads\/2021\/05\/AdobeStock_102994978-300x150.jpg\" class=\"attachment-medium size-medium wp-post-image\" alt=\"\" loading=\"lazy\" style=\"\" srcset=\"http:\/\/physiotherapie-starkloff.de\/wp-content\/uploads\/2021\/05\/AdobeStock_102994978-300x150.jpg 300w, http:\/\/physiotherapie-starkloff.de\/wp-content\/uploads\/2021\/05\/AdobeStock_102994978-1024x512.jpg 1024w, http:\/\/physiotherapie-starkloff.de\/wp-content\/uploads\/2021\/05\/AdobeStock_102994978-768x384.jpg 768w, http:\/\/physiotherapie-starkloff.de\/wp-content\/uploads\/2021\/05\/AdobeStock_102994978-1536x768.jpg 1536w, http:\/\/physiotherapie-starkloff.de\/wp-content\/uploads\/2021\/05\/AdobeStock_102994978-120x60.jpg 120w, http:\/\/physiotherapie-starkloff.de\/wp-content\/uploads\/2021\/05\/AdobeStock_102994978.jpg 2000w\" sizes=\"(max-width: 300px) 100vw, 300px\" \/><\/a><\/div><a href=\"http:\/\/physiotherapie-starkloff.de\/?p=988\">BBP<\/a><div class=\"wp-block-latest-posts__post-excerpt\">Bauch Beine Po In verschiedenen Ausgangsstellungen werden Bauch, Beine und Po trainiert. Der Ges\u00e4\u00dfmuskel ist der dem Volumen nach gr\u00f6\u00dfte Muskel des Menschen und zieht sich \u00fcber das Ges\u00e4\u00df bis &hellip; <\/div><\/li>\n<li><div class=\"wp-block-latest-posts__featured-image alignleft\"><a href=\"http:\/\/physiotherapie-starkloff.de\/?p=998\"><img width=\"300\" height=\"150\" src=\"http:\/\/physiotherapie-starkloff.de\/wp-content\/uploads\/2021\/05\/AdobeStock_409928837-300x150.jpeg\" class=\"attachment-medium size-medium wp-post-image\" alt=\"\" loading=\"lazy\" style=\"\" srcset=\"http:\/\/physiotherapie-starkloff.de\/wp-content\/uploads\/2021\/05\/AdobeStock_409928837-300x150.jpeg 300w, http:\/\/physiotherapie-starkloff.de\/wp-content\/uploads\/2021\/05\/AdobeStock_409928837-1024x512.jpeg 1024w, http:\/\/physiotherapie-starkloff.de\/wp-content\/uploads\/2021\/05\/AdobeStock_409928837-768x384.jpeg 768w, http:\/\/physiotherapie-starkloff.de\/wp-content\/uploads\/2021\/05\/AdobeStock_409928837-1536x768.jpeg 1536w, http:\/\/physiotherapie-starkloff.de\/wp-content\/uploads\/2021\/05\/AdobeStock_409928837-120x60.jpeg 120w, http:\/\/physiotherapie-starkloff.de\/wp-content\/uploads\/2021\/05\/AdobeStock_409928837.jpeg 2000w\" sizes=\"(max-width: 300px) 100vw, 300px\" \/><\/a><\/div><a href=\"http:\/\/physiotherapie-starkloff.de\/?p=998\">Fit ab 50<\/a><div class=\"wp-block-latest-posts__post-excerpt\">Gymnastik 50 plus Als Bestandteil des funktionellen Trainings werden in dieser Gruppe komplexe \u00dcbungen durchgef\u00fchrt, um ganze Muskelketten zu beanspruchen. Dies ist eine Trainingsform zur Verbesserung der K\u00f6rperstabilit\u00e4t und der &hellip; <\/div><\/li>\n<li><div class=\"wp-block-latest-posts__featured-image alignleft\"><a href=\"http:\/\/physiotherapie-starkloff.de\/?p=1000\"><img width=\"300\" height=\"150\" src=\"http:\/\/physiotherapie-starkloff.de\/wp-content\/uploads\/2021\/05\/AdobeStock_142221478-300x150.jpeg\" class=\"attachment-medium size-medium wp-post-image\" alt=\"\" loading=\"lazy\" style=\"\" srcset=\"http:\/\/physiotherapie-starkloff.de\/wp-content\/uploads\/2021\/05\/AdobeStock_142221478-300x150.jpeg 300w, http:\/\/physiotherapie-starkloff.de\/wp-content\/uploads\/2021\/05\/AdobeStock_142221478-1024x512.jpeg 1024w, http:\/\/physiotherapie-starkloff.de\/wp-content\/uploads\/2021\/05\/AdobeStock_142221478-768x384.jpeg 768w, http:\/\/physiotherapie-starkloff.de\/wp-content\/uploads\/2021\/05\/AdobeStock_142221478-1536x768.jpeg 1536w, http:\/\/physiotherapie-starkloff.de\/wp-content\/uploads\/2021\/05\/AdobeStock_142221478-120x60.jpeg 120w, http:\/\/physiotherapie-starkloff.de\/wp-content\/uploads\/2021\/05\/AdobeStock_142221478.jpeg 2000w\" sizes=\"(max-width: 300px) 100vw, 300px\" \/><\/a><\/div><a href=\"http:\/\/physiotherapie-starkloff.de\/?p=1000\">Osteoporosegymnastik<\/a><div class=\"wp-block-latest-posts__post-excerpt\">Die Osteoporosegymnastik dient der Vorbeugung und Verhinderung von Fehlhaltungen, St\u00fcrzen und Knochenbr\u00fcchen. Spezielle \u00dcbungen kr\u00e4ftigen die Muskulatur, schulen die Balance und st\u00e4rken das Sicherheitsgef\u00fchl.Durch regelm\u00e4\u00dfiges Training unter Anleitung eines Therapeuten &hellip; <\/div><\/li>\n<li><div class=\"wp-block-latest-posts__featured-image alignleft\"><a href=\"http:\/\/physiotherapie-starkloff.de\/?p=1002\"><img width=\"300\" height=\"150\" src=\"http:\/\/physiotherapie-starkloff.de\/wp-content\/uploads\/2021\/05\/AdobeStock_219920129-300x150.jpeg\" class=\"attachment-medium size-medium wp-post-image\" alt=\"\" loading=\"lazy\" style=\"\" srcset=\"http:\/\/physiotherapie-starkloff.de\/wp-content\/uploads\/2021\/05\/AdobeStock_219920129-300x150.jpeg 300w, http:\/\/physiotherapie-starkloff.de\/wp-content\/uploads\/2021\/05\/AdobeStock_219920129-1024x512.jpeg 1024w, http:\/\/physiotherapie-starkloff.de\/wp-content\/uploads\/2021\/05\/AdobeStock_219920129-768x384.jpeg 768w, http:\/\/physiotherapie-starkloff.de\/wp-content\/uploads\/2021\/05\/AdobeStock_219920129-1536x768.jpeg 1536w, http:\/\/physiotherapie-starkloff.de\/wp-content\/uploads\/2021\/05\/AdobeStock_219920129-120x60.jpeg 120w, http:\/\/physiotherapie-starkloff.de\/wp-content\/uploads\/2021\/05\/AdobeStock_219920129.jpeg 2000w\" sizes=\"(max-width: 300px) 100vw, 300px\" \/><\/a><\/div><a href=\"http:\/\/physiotherapie-starkloff.de\/?p=1002\">Reha Sport<\/a><div class=\"wp-block-latest-posts__post-excerpt\">Rehabilitationssport stellt eine erg\u00e4nzende Ma\u00dfnahme im Rahmen der medizinischen Rehabilitation und zur F\u00f6rderung der Teilhabe am Arbeitsleben dar.Reha-Sport ist gesetzlich verankert und ist zeitlich befristet. Vorrangiges Ziel ist es die &hellip; <\/div><\/li>\n<li><div class=\"wp-block-latest-posts__featured-image alignleft\"><a href=\"http:\/\/physiotherapie-starkloff.de\/?p=1004\"><img width=\"300\" height=\"150\" src=\"http:\/\/physiotherapie-starkloff.de\/wp-content\/uploads\/2021\/05\/AdobeStock_46908966-300x150.jpeg\" class=\"attachment-medium size-medium wp-post-image\" alt=\"\" loading=\"lazy\" style=\"\" srcset=\"http:\/\/physiotherapie-starkloff.de\/wp-content\/uploads\/2021\/05\/AdobeStock_46908966-300x150.jpeg 300w, http:\/\/physiotherapie-starkloff.de\/wp-content\/uploads\/2021\/05\/AdobeStock_46908966-1024x512.jpeg 1024w, http:\/\/physiotherapie-starkloff.de\/wp-content\/uploads\/2021\/05\/AdobeStock_46908966-768x384.jpeg 768w, http:\/\/physiotherapie-starkloff.de\/wp-content\/uploads\/2021\/05\/AdobeStock_46908966-1536x768.jpeg 1536w, http:\/\/physiotherapie-starkloff.de\/wp-content\/uploads\/2021\/05\/AdobeStock_46908966-120x60.jpeg 120w, http:\/\/physiotherapie-starkloff.de\/wp-content\/uploads\/2021\/05\/AdobeStock_46908966.jpeg 2000w\" sizes=\"(max-width: 300px) 100vw, 300px\" \/><\/a><\/div><a href=\"http:\/\/physiotherapie-starkloff.de\/?p=1004\">Step Aerobic<\/a><div class=\"wp-block-latest-posts__post-excerpt\">\u2026 ist ein Fitnessworkout f\u00fcr den ganzen K\u00f6rper, durch das Auf- und Absteigen vom Stepper trainieren Sie Ihre Ges\u00e4\u00df- und Beinmuskulatur. Auch die Arme werden bei dieser Form der Aerobic &hellip; <\/div><\/li>\n<li><div class=\"wp-block-latest-posts__featured-image alignleft\"><a href=\"http:\/\/physiotherapie-starkloff.de\/?p=1008\"><img width=\"300\" height=\"150\" src=\"http:\/\/physiotherapie-starkloff.de\/wp-content\/uploads\/2021\/05\/AdobeStock_136563506-300x150.jpeg\" class=\"attachment-medium size-medium wp-post-image\" alt=\"\" loading=\"lazy\" style=\"\" srcset=\"http:\/\/physiotherapie-starkloff.de\/wp-content\/uploads\/2021\/05\/AdobeStock_136563506-300x150.jpeg 300w, http:\/\/physiotherapie-starkloff.de\/wp-content\/uploads\/2021\/05\/AdobeStock_136563506-1024x512.jpeg 1024w, http:\/\/physiotherapie-starkloff.de\/wp-content\/uploads\/2021\/05\/AdobeStock_136563506-768x384.jpeg 768w, http:\/\/physiotherapie-starkloff.de\/wp-content\/uploads\/2021\/05\/AdobeStock_136563506-1536x768.jpeg 1536w, http:\/\/physiotherapie-starkloff.de\/wp-content\/uploads\/2021\/05\/AdobeStock_136563506-120x60.jpeg 120w, http:\/\/physiotherapie-starkloff.de\/wp-content\/uploads\/2021\/05\/AdobeStock_136563506.jpeg 2000w\" sizes=\"(max-width: 300px) 100vw, 300px\" \/><\/a><\/div><a href=\"http:\/\/physiotherapie-starkloff.de\/?p=1008\">Wirbels\u00e4ulengymnastik<\/a><div class=\"wp-block-latest-posts__post-excerpt\">Die Wirbels\u00e4ulengymnastik \u2026 besteht aus funktionellen \u00dcbungen f\u00fcr den R\u00fccken und die gesamte Haltemuskulatur, um schon im Vorfeld, also pr\u00e4ventiv, Ma\u00dfnahmen gegen eventuelle R\u00fcckenbeschwerden zu ergreifen und Haltungsschw\u00e4chen zu beheben. &hellip; <\/div><\/li>\n<li><div class=\"wp-block-latest-posts__featured-image alignleft\"><a href=\"http:\/\/physiotherapie-starkloff.de\/?p=1006\"><img width=\"300\" height=\"177\" src=\"http:\/\/physiotherapie-starkloff.de\/wp-content\/uploads\/2017\/04\/Senioren-e1491735596646-300x177.jpg\" class=\"attachment-medium size-medium wp-post-image\" alt=\"\" loading=\"lazy\" style=\"\" srcset=\"http:\/\/physiotherapie-starkloff.de\/wp-content\/uploads\/2017\/04\/Senioren-e1491735596646-300x177.jpg 300w, http:\/\/physiotherapie-starkloff.de\/wp-content\/uploads\/2017\/04\/Senioren-e1491735596646-254x150.jpg 254w, http:\/\/physiotherapie-starkloff.de\/wp-content\/uploads\/2017\/04\/Senioren-e1491735596646.jpg 424w\" sizes=\"(max-width: 300px) 100vw, 300px\" \/><\/a><\/div><a href=\"http:\/\/physiotherapie-starkloff.de\/?p=1006\">Yoga<\/a><div class=\"wp-block-latest-posts__post-excerpt\">Yoga ist eine philosophische Lehre, die eine Reihe geistiger und k\u00f6rperlicher \u00dcbungen umfasst.Yoga\u00fcbungen verfolgen heute zumeist einen ganzheitlichen Ansatz, der K\u00f6rper, Geist und Seele in Einklang bringen soll. Die Aus\u00fcbung &hellip; <\/div><\/li>\n<\/ul>\n\n\n<div style=\"height:100px\" aria-hidden=\"true\" class=\"wp-block-spacer\"><\/div>\n\n\n\n<hr class=\"wp-block-separator\"\/>\n\n\n\n<p class=\"has-large-font-size\"><strong>Preise<\/strong><\/p>\n\n\n\n<figure class=\"wp-block-table is-style-stripes\"><table><thead><tr><th><\/th><th class=\"has-text-align-left\" data-align=\"left\">Beitr\u00e4ge in \u20ac<\/th><\/tr><\/thead><tbody><tr><td>Gruppe Monat per Lastschrift<\/td><td class=\"has-text-align-left\" data-align=\"left\">28,00<\/td><\/tr><tr><td>Gruppe Monat bar<\/td><td class=\"has-text-align-left\" data-align=\"left\">30,00<\/td><\/tr><tr><td>2 Gruppen per Lastschrift<\/td><td class=\"has-text-align-left\" data-align=\"left\">41,00<\/td><\/tr><tr><td>Einzelpreis f\u00fcr Gruppe bar<\/td><td class=\"has-text-align-left\" data-align=\"left\">9,50<\/td><\/tr><tr><td>Wirbels\u00e4ulengymnastik \u2013 Kurs<\/td><td class=\"has-text-align-left\" data-align=\"left\">105,00<\/td><\/tr><\/tbody><\/table><\/figure>\n","protected":false},"excerpt":{"rendered":"<p>Preise Beitr\u00e4ge in \u20ac Gruppe Monat per Lastschrift 28,00 Gruppe Monat bar 30,00 2 Gruppen per Lastschrift 41,00 Einzelpreis f\u00fcr Gruppe bar 9,50 Wirbels\u00e4ulengymnastik \u2013 Kurs 105,00<\/p>\n","protected":false},"author":3,"featured_media":1071,"parent":0,"menu_order":0,"comment_status":"closed","ping_status":"closed","template":"","meta":[],"_links":{"self":[{"href":"http:\/\/physiotherapie-starkloff.de\/index.php?rest_route=\/wp\/v2\/pages\/360"}],"collection":[{"href":"http:\/\/physiotherapie-starkloff.de\/index.php?rest_route=\/wp\/v2\/pages"}],"about":[{"href":"http:\/\/physiotherapie-starkloff.de\/index.php?rest_route=\/wp\/v2\/types\/page"}],"author":[{"embeddable":true,"href":"http:\/\/physiotherapie-starkloff.de\/index.php?rest_route=\/wp\/v2\/users\/3"}],"replies":[{"embeddable":true,"href":"http:\/\/physiotherapie-starkloff.de\/index.php?rest_route=%2Fwp%2Fv2%2Fcomments&post=360"}],"version-history":[{"count":15,"href":"http:\/\/physiotherapie-starkloff.de\/index.php?rest_route=\/wp\/v2\/pages\/360\/revisions"}],"predecessor-version":[{"id":1145,"href":"http:\/\/physiotherapie-starkloff.de\/index.php?rest_route=\/wp\/v2\/pages\/360\/revisions\/1145"}],"wp:featuredmedia":[{"embeddable":true,"href":"http:\/\/physiotherapie-starkloff.de\/index.php?rest_route=\/wp\/v2\/media\/1071"}],"wp:attachment":[{"href":"http:\/\/physiotherapie-starkloff.de\/index.php?rest_route=%2Fwp%2Fv2%2Fmedia&parent=360"}],"curies":[{"name":"wp","href":"https:\/\/api.w.org\/{rel}","templated":true}]}}