{"id":378,"date":"2017-05-31T19:17:47","date_gmt":"2017-05-31T19:17:47","guid":{"rendered":"http:\/\/physiotherapie-starkloff.de\/?page_id=378"},"modified":"2017-06-07T09:20:35","modified_gmt":"2017-06-07T09:20:35","slug":"krankengymnastik","status":"publish","type":"page","link":"http:\/\/physiotherapie-starkloff.de\/?page_id=378","title":{"rendered":"Krankengymnastik"},"content":{"rendered":"<h3>&#8230; mit Krankengymnastik wird in fast allen medizinischen Fachbereichen therapiert. Sie umfasst sowohl aktive als auch passive Therapieformen.<\/h3>\n<p>Bei der Krankengymnastik werden \u00fcberwiegend \u00dcbungen zur Mobilisation, Kr\u00e4ftigung und Dehnung eingesetzt. Krankengymnastik kommt zum Einsatz nach Verletzungen, Operationen und bei Beschwerden an der Wirbels\u00e4ule und in den Gelenken.<\/p>\n<h3>Krankengymnastik am Ger\u00e4t (KGG)<\/h3>\n<p>In der Krankengymnastik am Ger\u00e4t werden unter Einbezug der Trainingslehre an speziellen Rehabilitationsger\u00e4ten Verbesserungen der Muskelfunktionen unter Einfluss der zugeh\u00f6rigen Gelenk- und St\u00fctzgewebes erreicht.<br \/>\nNach einer ausf\u00fchrlichen Analyse erstellen wir einen individuellen Trainingsplan unter medizinischen Gesichtspunkten. Ziel ist es Kraft, Koordination, Ausdauer und Flexibilit\u00e4t des Trainierenden zu verbessern. KGG kommt zum Einsatz nach Operationen, Verletzungen oder chronischen Beschwerden. Der Patient erreicht durch das gezielte Training eine normale Beweglichkeit und Belastbarkeit der betroffenen Strukturen. Er kann seinen Alltag wieder beschwerdefreier gestalten.<\/p>\n","protected":false},"excerpt":{"rendered":"<p>&#8230; mit Krankengymnastik wird in fast allen medizinischen Fachbereichen therapiert. Sie umfasst sowohl aktive als auch passive Therapieformen. Bei der Krankengymnastik werden \u00fcberwiegend \u00dcbungen zur Mobilisation, Kr\u00e4ftigung und Dehnung eingesetzt. &hellip; <\/p>\n","protected":false},"author":3,"featured_media":525,"parent":366,"menu_order":0,"comment_status":"closed","ping_status":"closed","template":"","meta":[],"_links":{"self":[{"href":"http:\/\/physiotherapie-starkloff.de\/index.php?rest_route=\/wp\/v2\/pages\/378"}],"collection":[{"href":"http:\/\/physiotherapie-starkloff.de\/index.php?rest_route=\/wp\/v2\/pages"}],"about":[{"href":"http:\/\/physiotherapie-starkloff.de\/index.php?rest_route=\/wp\/v2\/types\/page"}],"author":[{"embeddable":true,"href":"http:\/\/physiotherapie-starkloff.de\/index.php?rest_route=\/wp\/v2\/users\/3"}],"replies":[{"embeddable":true,"href":"http:\/\/physiotherapie-starkloff.de\/index.php?rest_route=%2Fwp%2Fv2%2Fcomments&post=378"}],"version-history":[{"count":3,"href":"http:\/\/physiotherapie-starkloff.de\/index.php?rest_route=\/wp\/v2\/pages\/378\/revisions"}],"predecessor-version":[{"id":382,"href":"http:\/\/physiotherapie-starkloff.de\/index.php?rest_route=\/wp\/v2\/pages\/378\/revisions\/382"}],"up":[{"embeddable":true,"href":"http:\/\/physiotherapie-starkloff.de\/index.php?rest_route=\/wp\/v2\/pages\/366"}],"wp:featuredmedia":[{"embeddable":true,"href":"http:\/\/physiotherapie-starkloff.de\/index.php?rest_route=\/wp\/v2\/media\/525"}],"wp:attachment":[{"href":"http:\/\/physiotherapie-starkloff.de\/index.php?rest_route=%2Fwp%2Fv2%2Fmedia&parent=378"}],"curies":[{"name":"wp","href":"https:\/\/api.w.org\/{rel}","templated":true}]}}