{"id":416,"date":"2017-06-03T20:29:23","date_gmt":"2017-06-03T20:29:23","guid":{"rendered":"http:\/\/physiotherapie-starkloff.de\/?page_id=416"},"modified":"2017-07-12T08:07:29","modified_gmt":"2017-07-12T08:07:29","slug":"kinesio-taping","status":"publish","type":"page","link":"http:\/\/physiotherapie-starkloff.de\/?page_id=416","title":{"rendered":"Kinesio Taping"},"content":{"rendered":"<h3>\u00a0&#8230; es handelt sich um ein elastisches selbstklebendes therapeutisches Tape aus einem dehnbarem, textilen Material. Unter Anwendung spezieller Techniken wird das Tape auf die Haut aufgebracht und soll dort seine unterschiedlichen Wirkungen erzielen.<\/h3>\n<p><strong>Alles \u00fcber das heilende Klebeband:<\/strong><br \/>\nMit Kinesio-Tape k\u00f6nnen Sie Verletzungen kurieren, Muskeln lockern, Entz\u00fcndungen hemmen. Wir sagen Ihnen, wem diese Behandlungsmethode wie helfen kann.<img loading=\"lazy\" class=\"size-medium wp-image-521 alignright\" src=\"http:\/\/physiotherapie-starkloff.de\/wp-content\/uploads\/2017\/06\/Kinesio-Taping-Ruecken_compl-300x169.jpg\" alt=\"\" width=\"300\" height=\"169\" srcset=\"http:\/\/physiotherapie-starkloff.de\/wp-content\/uploads\/2017\/06\/Kinesio-Taping-Ruecken_compl-300x169.jpg 300w, http:\/\/physiotherapie-starkloff.de\/wp-content\/uploads\/2017\/06\/Kinesio-Taping-Ruecken_compl-768x432.jpg 768w, http:\/\/physiotherapie-starkloff.de\/wp-content\/uploads\/2017\/06\/Kinesio-Taping-Ruecken_compl-1024x576.jpg 1024w, http:\/\/physiotherapie-starkloff.de\/wp-content\/uploads\/2017\/06\/Kinesio-Taping-Ruecken_compl-690x388.jpg 690w, http:\/\/physiotherapie-starkloff.de\/wp-content\/uploads\/2017\/06\/Kinesio-Taping-Ruecken_compl-267x150.jpg 267w\" sizes=\"(max-width: 300px) 100vw, 300px\" \/><\/p>\n<p>Die urspr\u00fcnglich aus der japanischen Heilkunde stammenden Tapes, befreien Spitzensportler nicht nur von ihren Schmerzen, sondern sind auch in der allt\u00e4glichen physiotherapeutischen Praxis l\u00e4ngst angekommen. Vor rund 30 Jahren entwickelte der japanische Chiropraktiker Kenzo Kase ein spezielles Pflaster: hochelastisch, atmungsaktiv und hautfreundlich. Wie eine zweite Haut dehnt sich das Tape und zieht sich wieder zusammen, ohne die Bewegungsfreiheit einzuschr\u00e4nken. Dabei wirkt es schmerzlindernd und stoffwechselanregend.<\/p>\n<p>Bei einer Prellung etwa entz\u00fcndet sich das Gewebe, schwillt an und schmerzt. Durch das elastische Tape wird die Haut bei jeder Bewegung ganz sanft geliftet und massiert, so werden Lymph- und Blutfluss angeregt, Entz\u00fcndungen klingen schneller ab, der Druck l\u00e4sst nach und damit auch der Schmerz, meist schon kurz nach dem Tapen. Schlie\u00dflich reguliert das Pflaster den Muskeltonus und st\u00fctzt die Gelenke \u00fcber eine bessere Wahrnehmung von Beweglichkeit und Belastbarkeit.<\/p>\n<p>Die elastischen Pflaster wirken einer Vielzahl von Beschwerden entgegen:<\/p>\n<ul>\n<li>Knie-, Sprung- und Schultergelenke<img loading=\"lazy\" class=\"size-medium wp-image-522 alignright\" src=\"http:\/\/physiotherapie-starkloff.de\/wp-content\/uploads\/2017\/06\/DSC_0726-202x300.jpg\" alt=\"\" width=\"202\" height=\"300\" srcset=\"http:\/\/physiotherapie-starkloff.de\/wp-content\/uploads\/2017\/06\/DSC_0726-202x300.jpg 202w, http:\/\/physiotherapie-starkloff.de\/wp-content\/uploads\/2017\/06\/DSC_0726-768x1140.jpg 768w, http:\/\/physiotherapie-starkloff.de\/wp-content\/uploads\/2017\/06\/DSC_0726-690x1024.jpg 690w, http:\/\/physiotherapie-starkloff.de\/wp-content\/uploads\/2017\/06\/DSC_0726-101x150.jpg 101w, http:\/\/physiotherapie-starkloff.de\/wp-content\/uploads\/2017\/06\/DSC_0726.jpg 1268w\" sizes=\"(max-width: 202px) 100vw, 202px\" \/><\/li>\n<li>verspannter R\u00fccken und Nacken,<\/li>\n<li>Tennis- und Golferarme<\/li>\n<li>Sehnenscheidenentz\u00fcndungen<\/li>\n<li>Sportverletzungen<\/li>\n<li>Funktionsst\u00f6rungen der Muskeln<\/li>\n<li>Migr\u00e4ne<\/li>\n<li>Regelkr\u00e4mpfen<\/li>\n<li>R\u00fcckenschmerzen<\/li>\n<\/ul>\n<p>Bei stumpfen Verletzungen wie einem Muskelfaserriss, sind die Tapes anderen konventionellen Verfahren sogar \u00fcberlegen. Weil der Schmerz oft sofort nachl\u00e4sst, werden Schonhaltungen und Folgeprobleme wie Verspannungen vermieden. \u00dcbrigens kann es sogar sinnvoll sein, vorbeugend zu tapen. Wer etwa auf einen Marathon hin trainiert, kann mit gezieltem Wadentaping die Krampfneigung herabsetzen.<\/p>\n","protected":false},"excerpt":{"rendered":"<p>\u00a0&#8230; es handelt sich um ein elastisches selbstklebendes therapeutisches Tape aus einem dehnbarem, textilen Material. Unter Anwendung spezieller Techniken wird das Tape auf die Haut aufgebracht und soll dort seine &hellip; <\/p>\n","protected":false},"author":3,"featured_media":520,"parent":366,"menu_order":0,"comment_status":"closed","ping_status":"closed","template":"","meta":[],"_links":{"self":[{"href":"http:\/\/physiotherapie-starkloff.de\/index.php?rest_route=\/wp\/v2\/pages\/416"}],"collection":[{"href":"http:\/\/physiotherapie-starkloff.de\/index.php?rest_route=\/wp\/v2\/pages"}],"about":[{"href":"http:\/\/physiotherapie-starkloff.de\/index.php?rest_route=\/wp\/v2\/types\/page"}],"author":[{"embeddable":true,"href":"http:\/\/physiotherapie-starkloff.de\/index.php?rest_route=\/wp\/v2\/users\/3"}],"replies":[{"embeddable":true,"href":"http:\/\/physiotherapie-starkloff.de\/index.php?rest_route=%2Fwp%2Fv2%2Fcomments&post=416"}],"version-history":[{"count":5,"href":"http:\/\/physiotherapie-starkloff.de\/index.php?rest_route=\/wp\/v2\/pages\/416\/revisions"}],"predecessor-version":[{"id":670,"href":"http:\/\/physiotherapie-starkloff.de\/index.php?rest_route=\/wp\/v2\/pages\/416\/revisions\/670"}],"up":[{"embeddable":true,"href":"http:\/\/physiotherapie-starkloff.de\/index.php?rest_route=\/wp\/v2\/pages\/366"}],"wp:featuredmedia":[{"embeddable":true,"href":"http:\/\/physiotherapie-starkloff.de\/index.php?rest_route=\/wp\/v2\/media\/520"}],"wp:attachment":[{"href":"http:\/\/physiotherapie-starkloff.de\/index.php?rest_route=%2Fwp%2Fv2%2Fmedia&parent=416"}],"curies":[{"name":"wp","href":"https:\/\/api.w.org\/{rel}","templated":true}]}}