{"id":419,"date":"2017-06-03T20:42:33","date_gmt":"2017-06-03T20:42:33","guid":{"rendered":"http:\/\/physiotherapie-starkloff.de\/?page_id=419"},"modified":"2017-06-07T10:01:07","modified_gmt":"2017-06-07T10:01:07","slug":"narbentherapie-nach-boeger","status":"publish","type":"page","link":"http:\/\/physiotherapie-starkloff.de\/?page_id=419","title":{"rendered":"Narbentherapie nach Boeger"},"content":{"rendered":"<h3>Mit der von David Boeger entwickelten systematischen Narbentherapie vertieft man \u00fcber eine Technik, mit der im Rahmen der Physiotherapie Narben und entz\u00fcndungsbedingte Verletzungen sowohl diagnostiziert als auch therapeutisch gel\u00f6st werden k\u00f6nnen.<\/h3>\n<p>Verklebungen im Fasziensystem sind meistens nicht sichtbar. Sie entstehen durch Operationen, aber auch durch alle anderen Entz\u00fcndungen z.B. verstauchter Kn\u00f6chel, entz\u00fcndeter Insektenstiche oder einem Bluterguss. Diese Verklebungen schr\u00e4nken die Beweglichkeit der Faszien ein, f\u00fchren zu Schmerzen und zu Verschlei\u00df. Mit speziellen Tests k\u00f6nnen die Ursachen schnell diagnostiziert werden. Eine eigens entwickelte Grifftechnik l\u00f6st die Verklebungen schnell und dauerhaft.<br \/>\nInnerhalb k\u00fcrzester Zeit erf\u00e4hrt der Patient eine deutliche Verbesserung der Beweglichkeit. Einmal gel\u00f6ste Verklebungen bleiben f\u00fcr immer frei.<br \/>\nAlle anderen aktiven Therapien k\u00f6nnen erst dauerhaft erfolgreich sein, wenn die Verklebungen im Fasziensystem diagnostiziert und gel\u00f6st sind.<\/p>\n","protected":false},"excerpt":{"rendered":"<p>Mit der von David Boeger entwickelten systematischen Narbentherapie vertieft man \u00fcber eine Technik, mit der im Rahmen der Physiotherapie Narben und entz\u00fcndungsbedingte Verletzungen sowohl diagnostiziert als auch therapeutisch gel\u00f6st werden &hellip; <\/p>\n","protected":false},"author":3,"featured_media":535,"parent":366,"menu_order":0,"comment_status":"closed","ping_status":"closed","template":"","meta":[],"_links":{"self":[{"href":"http:\/\/physiotherapie-starkloff.de\/index.php?rest_route=\/wp\/v2\/pages\/419"}],"collection":[{"href":"http:\/\/physiotherapie-starkloff.de\/index.php?rest_route=\/wp\/v2\/pages"}],"about":[{"href":"http:\/\/physiotherapie-starkloff.de\/index.php?rest_route=\/wp\/v2\/types\/page"}],"author":[{"embeddable":true,"href":"http:\/\/physiotherapie-starkloff.de\/index.php?rest_route=\/wp\/v2\/users\/3"}],"replies":[{"embeddable":true,"href":"http:\/\/physiotherapie-starkloff.de\/index.php?rest_route=%2Fwp%2Fv2%2Fcomments&post=419"}],"version-history":[{"count":1,"href":"http:\/\/physiotherapie-starkloff.de\/index.php?rest_route=\/wp\/v2\/pages\/419\/revisions"}],"predecessor-version":[{"id":420,"href":"http:\/\/physiotherapie-starkloff.de\/index.php?rest_route=\/wp\/v2\/pages\/419\/revisions\/420"}],"up":[{"embeddable":true,"href":"http:\/\/physiotherapie-starkloff.de\/index.php?rest_route=\/wp\/v2\/pages\/366"}],"wp:featuredmedia":[{"embeddable":true,"href":"http:\/\/physiotherapie-starkloff.de\/index.php?rest_route=\/wp\/v2\/media\/535"}],"wp:attachment":[{"href":"http:\/\/physiotherapie-starkloff.de\/index.php?rest_route=%2Fwp%2Fv2%2Fmedia&parent=419"}],"curies":[{"name":"wp","href":"https:\/\/api.w.org\/{rel}","templated":true}]}}