{"id":443,"date":"2017-06-04T11:24:09","date_gmt":"2017-06-04T11:24:09","guid":{"rendered":"http:\/\/physiotherapie-starkloff.de\/?page_id=443"},"modified":"2017-06-04T11:24:09","modified_gmt":"2017-06-04T11:24:09","slug":"unser-leitbild","status":"publish","type":"page","link":"http:\/\/physiotherapie-starkloff.de\/?page_id=443","title":{"rendered":"Unser Leitbild"},"content":{"rendered":"<p><strong>W<\/strong>ir entwickeln unsere Praxis zu einem Gesundheitszentrum, welches mehr ist als eine Physiotherapie,<\/p>\n<p><strong>W<\/strong>ir verkn\u00fcpfen Physiotherapie und Medizinische Trainingstherapie. Ganzheitliche Befundung, Therapie und Training st\u00e4rken K\u00f6rper, Geist und Seele.<\/p>\n<p><strong>W<\/strong>ir sind Partner unserer Patienten und Kunden.<\/p>\n<p><strong>W<\/strong>ir geben qualifizierte Behandlung und Beratung, menschliche Zuwendung und bieten Behandlungs- und Trainingsger\u00e4te auf hohem Niveau in ansprechender Atmosph\u00e4re.<\/p>\n<p><strong>W<\/strong>ir arbeiten im Team und sch\u00e4tzen uns in unserer Unterschiedlichkeit.<\/p>\n<p><strong>W<\/strong>ir pflegen kommunikative, anerkennende Zusammenarbeit mit anderen Einrichtungen.<\/p>\n<p><strong>W<\/strong>ir arbeiten \u00fcber Teamgrenzen hinweg, freundlich und gut zusammen.<\/p>\n<p style=\"text-align: center;\"><em><strong>Wie geht das ? \u00a0Wir fangen bei uns an!<\/strong><\/em><\/p>\n<p style=\"text-align: left;\"><strong>W<\/strong>ir nehmen uns gegenseitig ernst und reden miteinander.<\/p>\n<p style=\"text-align: left;\"><strong>W<\/strong>ir sind beweglich und mit Freude bei der Arbeit.<\/p>\n<p style=\"text-align: left;\"><strong>W<\/strong>ir sind motiviert zum stetigen Lernen und bilden uns fort, denn unser Handeln ist wirtschaftlich und umweltbewusst.<\/p>\n<p style=\"text-align: left;\"><strong>U<\/strong>nser \u201eArbeitgeber&#8220; ist der Patient.<\/p>\n<p style=\"text-align: left;\"><strong>U<\/strong>nsere Leistung schafft unseren guten Ruf, den die Patienten nach au\u00dfen tragen &#8211; eine Voraussetzung f\u00fcr einen sicheren Arbeitsplatz in der Zukunft.<\/p>\n","protected":false},"excerpt":{"rendered":"<p>Wir entwickeln unsere Praxis zu einem Gesundheitszentrum, welches mehr ist als eine Physiotherapie, Wir verkn\u00fcpfen Physiotherapie und Medizinische Trainingstherapie. Ganzheitliche Befundung, Therapie und Training st\u00e4rken K\u00f6rper, Geist und Seele. Wir &hellip; <\/p>\n","protected":false},"author":3,"featured_media":0,"parent":248,"menu_order":0,"comment_status":"closed","ping_status":"closed","template":"","meta":[],"_links":{"self":[{"href":"http:\/\/physiotherapie-starkloff.de\/index.php?rest_route=\/wp\/v2\/pages\/443"}],"collection":[{"href":"http:\/\/physiotherapie-starkloff.de\/index.php?rest_route=\/wp\/v2\/pages"}],"about":[{"href":"http:\/\/physiotherapie-starkloff.de\/index.php?rest_route=\/wp\/v2\/types\/page"}],"author":[{"embeddable":true,"href":"http:\/\/physiotherapie-starkloff.de\/index.php?rest_route=\/wp\/v2\/users\/3"}],"replies":[{"embeddable":true,"href":"http:\/\/physiotherapie-starkloff.de\/index.php?rest_route=%2Fwp%2Fv2%2Fcomments&post=443"}],"version-history":[{"count":1,"href":"http:\/\/physiotherapie-starkloff.de\/index.php?rest_route=\/wp\/v2\/pages\/443\/revisions"}],"predecessor-version":[{"id":444,"href":"http:\/\/physiotherapie-starkloff.de\/index.php?rest_route=\/wp\/v2\/pages\/443\/revisions\/444"}],"up":[{"embeddable":true,"href":"http:\/\/physiotherapie-starkloff.de\/index.php?rest_route=\/wp\/v2\/pages\/248"}],"wp:attachment":[{"href":"http:\/\/physiotherapie-starkloff.de\/index.php?rest_route=%2Fwp%2Fv2%2Fmedia&parent=443"}],"curies":[{"name":"wp","href":"https:\/\/api.w.org\/{rel}","templated":true}]}}